{"id":778,"date":"2022-03-06T14:18:48","date_gmt":"2022-03-06T14:18:48","guid":{"rendered":"https:\/\/villa-kate-croatia.com\/?page_id=778"},"modified":"2022-03-06T14:20:11","modified_gmt":"2022-03-06T14:20:11","slug":"cancellation-policy-and-reservation-policy","status":"publish","type":"page","link":"https:\/\/villa-kate-croatia.com\/hr\/cancellation-policy-and-reservation-policy\/","title":{"rendered":"Otkazna politika i politika rezerviranja"},"content":{"rendered":"<p>Minimalni broj no\u0107enja: 7<br>Maksimalni broj no\u0107enja: 365<br>Prihva\u0107amo instant booking<br>Mogu\u0107e je rezervirati 6 mjeseci unaprijed.<br>Prilikom bukiranja pla\u0107a se 30%.<br>Check in od \u2013 do: 15h do 20h<br>Check out do 10h<br>Polica otkazivanja: najmanje 30 dana prije po\u010detka puni povrat novca, manje od 7 do 30dana<br>dobit \u0107e 50% povrata, bude li rezervacija otkazana u manje od 7 dana ne\u0107e ostvariti povrat<br>novca<br>Ku\u0107ni ljubimci su dopu\u0161teni.<br>Pogodno je za djecu.<br>Zabave nisu dopu\u0161tene.<br>Pu\u0161enje je dozvoljeno.<br>Iznos boravi\u0161ne pristojbe uklju\u010deno u cijenu.<\/p>","protected":false},"excerpt":{"rendered":"<p>Minimum number of nights: 7Maximum number of nights: 365We accept instant bookingIt is possible to book 6 months in advance.30% is paid when booking.Check-in from &#8211; to 3 pm to 8 pmCheck out by 10 [&hellip;]<\/p>\n","protected":false},"author":1,"featured_media":0,"parent":0,"menu_order":0,"comment_status":"closed","ping_status":"closed","template":"","meta":{"_uag_custom_page_level_css":"","footnotes":""},"class_list":["post-778","page","type-page","status-publish","hentry"],"uagb_featured_image_src":{"full":false,"thumbnail":false,"medium":false,"medium_large":false,"large":false,"1536x1536":false,"2048x2048":false,"trp-custom-language-flag":false,"post-thumbnail":false,"ignition_item":false,"ignition_item_lg":false,"ignition_article_media":false,"ignition_minicart_item":false},"uagb_author_info":{"display_name":"admin","author_link":"https:\/\/villa-kate-croatia.com\/hr\/author\/mirsaddubravic_kz70t3t5\/"},"uagb_comment_info":0,"uagb_excerpt":"Minimum number of nights: 7Maximum number of nights: 365We accept instant bookingIt is possible to book 6 months in advance.30% is paid when booking.Check-in from &#8211; to 3 pm to 8 pmCheck out by 10 [&hellip;]","_links":{"self":[{"href":"https:\/\/villa-kate-croatia.com\/hr\/wp-json\/wp\/v2\/pages\/778","targetHints":{"allow":["GET"]}}],"collection":[{"href":"https:\/\/villa-kate-croatia.com\/hr\/wp-json\/wp\/v2\/pages"}],"about":[{"href":"https:\/\/villa-kate-croatia.com\/hr\/wp-json\/wp\/v2\/types\/page"}],"author":[{"embeddable":true,"href":"https:\/\/villa-kate-croatia.com\/hr\/wp-json\/wp\/v2\/users\/1"}],"replies":[{"embeddable":true,"href":"https:\/\/villa-kate-croatia.com\/hr\/wp-json\/wp\/v2\/comments?post=778"}],"version-history":[{"count":1,"href":"https:\/\/villa-kate-croatia.com\/hr\/wp-json\/wp\/v2\/pages\/778\/revisions"}],"predecessor-version":[{"id":779,"href":"https:\/\/villa-kate-croatia.com\/hr\/wp-json\/wp\/v2\/pages\/778\/revisions\/779"}],"wp:attachment":[{"href":"https:\/\/villa-kate-croatia.com\/hr\/wp-json\/wp\/v2\/media?parent=778"}],"curies":[{"name":"wp","href":"https:\/\/api.w.org\/{rel}","templated":true}]}}