{"id":89,"date":"2020-09-21T16:47:32","date_gmt":"2020-09-21T16:47:32","guid":{"rendered":"https:\/\/www.cssigniter.com\/demos\/aegean-resort\/?page_id=89"},"modified":"2022-03-06T10:39:04","modified_gmt":"2022-03-06T10:39:04","slug":"facilities-of-stunning-villa-kate-with-pool-zadar-county","status":"publish","type":"page","link":"https:\/\/villa-kate-croatia.com\/hr\/facilities-of-stunning-villa-kate-with-pool-zadar-county\/","title":{"rendered":"Usluge"},"content":{"rendered":"<p><\/p>\n\n\n\n<div class=\"wp-block-group alignwide p-4 box-shadow has-white-background-color has-background\"><div class=\"wp-block-group__inner-container is-layout-flow wp-block-group-is-layout-flow\">\n<h2 class=\"has-text-align-center wp-block-heading\"><strong>Sadr\u017eaji zadivljuju\u0107e Ville Kate s bazenom, Zadarska \u017eupanija<\/strong>.<\/h2>\n\n\n\n<div style=\"height:30px\" aria-hidden=\"true\" class=\"wp-block-spacer\"><\/div>\n\n\n\n<div class=\"wp-block-columns alignwide is-layout-flex wp-container-core-columns-is-layout-9d6595d7 wp-block-columns-is-layout-flex\">\n<div class=\"wp-block-column is-layout-flow wp-block-column-is-layout-flow\">\n<figure class=\"wp-block-image size-full is-style-rounded\"><img loading=\"lazy\" decoding=\"async\" width=\"75\" height=\"75\" src=\"https:\/\/villa-kate-croatia.com\/wp-content\/uploads\/2022\/03\/parking-grey.png\" alt=\"\" class=\"wp-image-727\" srcset=\"https:\/\/villa-kate-croatia.com\/wp-content\/uploads\/2022\/03\/parking-grey.png 75w, https:\/\/villa-kate-croatia.com\/wp-content\/uploads\/2022\/03\/parking-grey-12x12.png 12w\" sizes=\"auto, (max-width: 75px) 100vw, 75px\" \/><\/figure>\n\n\n\n<h3 class=\"wp-block-heading\"><strong>Parking<\/strong><\/h3>\n\n\n\n<p>Besplatno privatno parkirali\u0161te dostupno je na licu mjesta (rezervacija nije potrebna).<\/p>\n\n\n\n<ul class=\"wp-block-list\"><li>Osiguran parking<\/li><\/ul>\n\n\n\n<figure class=\"wp-block-image size-full is-style-rounded\"><img loading=\"lazy\" decoding=\"async\" width=\"66\" height=\"50\" src=\"https:\/\/villa-kate-croatia.com\/wp-content\/uploads\/2022\/03\/wifi2.png\" alt=\"\" class=\"wp-image-736\" srcset=\"https:\/\/villa-kate-croatia.com\/wp-content\/uploads\/2022\/03\/wifi2.png 66w, https:\/\/villa-kate-croatia.com\/wp-content\/uploads\/2022\/03\/wifi2-16x12.png 16w\" sizes=\"auto, (max-width: 66px) 100vw, 66px\" \/><\/figure>\n\n\n\n<h3 class=\"wp-block-heading\"><strong><strong>Internet<\/strong><\/strong><\/h3>\n\n\n\n<p>WiFi je dostupan na javnim mjestima i besplatan je.<\/p>\n\n\n\n<figure class=\"wp-block-image size-full is-style-default\"><img loading=\"lazy\" decoding=\"async\" width=\"80\" height=\"50\" src=\"https:\/\/villa-kate-croatia.com\/wp-content\/uploads\/2022\/03\/microwave-1.png\" alt=\"\" class=\"wp-image-737\" srcset=\"https:\/\/villa-kate-croatia.com\/wp-content\/uploads\/2022\/03\/microwave-1.png 80w, https:\/\/villa-kate-croatia.com\/wp-content\/uploads\/2022\/03\/microwave-1-18x12.png 18w\" sizes=\"auto, (max-width: 80px) 100vw, 80px\" \/><\/figure>\n\n\n\n<h3 class=\"wp-block-heading\"><strong>Kuhinja<\/strong><\/h3>\n\n\n\n<p>Sloboda da jede\u0161 kad \u017eeli\u0161<\/p>\n\n\n\n<ul class=\"wp-block-list\"><li>Blagovaonski stol<\/li><li>Sredstva za ciscenje<\/li><li>Toster<\/li><li>Plo\u010da za kuhanje<\/li><li>Pe\u0107nica<\/li><li>Kuhinjsko posu\u0111e<\/li><li>Kuhinja<\/li><li>Perilica za rublje<\/li><li>Perilica su\u0111a<\/li><li>Mikrovalna<\/li><\/ul>\n\n\n\n<figure class=\"wp-block-image size-full is-style-default\"><img loading=\"lazy\" decoding=\"async\" width=\"77\" height=\"51\" src=\"https:\/\/villa-kate-croatia.com\/wp-content\/uploads\/2022\/03\/rooms.png\" alt=\"bed\" class=\"wp-image-728\" srcset=\"https:\/\/villa-kate-croatia.com\/wp-content\/uploads\/2022\/03\/rooms.png 77w, https:\/\/villa-kate-croatia.com\/wp-content\/uploads\/2022\/03\/rooms-18x12.png 18w, https:\/\/villa-kate-croatia.com\/wp-content\/uploads\/2022\/03\/rooms-75x51.png 75w\" sizes=\"auto, (max-width: 77px) 100vw, 77px\" \/><\/figure>\n\n\n\n<h3 class=\"wp-block-heading\"><strong>Spava\u0107a soba<\/strong><\/h3>\n\n\n\n<ul class=\"wp-block-list\"><li>Posteljina<\/li><li>Ormar<\/li><\/ul>\n\n\n\n<figure class=\"wp-block-image size-full is-style-default\"><img loading=\"lazy\" decoding=\"async\" width=\"69\" height=\"50\" src=\"https:\/\/villa-kate-croatia.com\/wp-content\/uploads\/2022\/03\/shower-curtain-1.png\" alt=\"\" class=\"wp-image-738\" srcset=\"https:\/\/villa-kate-croatia.com\/wp-content\/uploads\/2022\/03\/shower-curtain-1.png 69w, https:\/\/villa-kate-croatia.com\/wp-content\/uploads\/2022\/03\/shower-curtain-1-18x12.png 18w\" sizes=\"auto, (max-width: 69px) 100vw, 69px\" \/><\/figure>\n\n\n\n<h3 class=\"wp-block-heading\"><strong>Kupaonica<\/strong><\/h3>\n\n\n\n<ul class=\"wp-block-list\"><li>Toaletni papir<\/li><li>Ru\u010dnici<\/li><li>Privatna kupaonica<\/li><li>WC<\/li><li>Su\u0161ilo za kosu<\/li><\/ul>\n\n\n\n<figure class=\"wp-block-image size-full is-style-default\"><img loading=\"lazy\" decoding=\"async\" width=\"88\" height=\"50\" src=\"https:\/\/villa-kate-croatia.com\/wp-content\/uploads\/2022\/03\/sofa-1.png\" alt=\"\" class=\"wp-image-739\" srcset=\"https:\/\/villa-kate-croatia.com\/wp-content\/uploads\/2022\/03\/sofa-1.png 88w, https:\/\/villa-kate-croatia.com\/wp-content\/uploads\/2022\/03\/sofa-1-18x10.png 18w\" sizes=\"auto, (max-width: 88px) 100vw, 88px\" \/><\/figure>\n\n\n\n<h3 class=\"wp-block-heading\"><strong><strong>Dnevni boravak<\/strong><\/strong><\/h3>\n\n\n\n<p>Mjesto za dru\u017eenje<\/p>\n\n\n\n<ul class=\"wp-block-list\"><li>blagovaonica<\/li><li>kau\u010d<\/li><li>radni stol<\/li><\/ul>\n\n\n\n<figure class=\"wp-block-image size-full is-style-default\"><img loading=\"lazy\" decoding=\"async\" width=\"50\" height=\"34\" src=\"https:\/\/villa-kate-croatia.com\/wp-content\/uploads\/2022\/03\/hd-television-1.png\" alt=\"\" class=\"wp-image-752\" srcset=\"https:\/\/villa-kate-croatia.com\/wp-content\/uploads\/2022\/03\/hd-television-1.png 50w, https:\/\/villa-kate-croatia.com\/wp-content\/uploads\/2022\/03\/hd-television-1-18x12.png 18w\" sizes=\"auto, (max-width: 50px) 100vw, 50px\" \/><\/figure>\n\n\n\n<h3 class=\"wp-block-heading\"><strong><strong><strong>Mediji i tehnologija<\/strong><\/strong><\/strong><\/h3>\n\n\n\n<p>Mjesto za dru\u017eenje<\/p>\n\n\n\n<ul class=\"wp-block-list\"><li>TV ravnog ekrana<\/li><li>satelitski programi<\/li><li>TV<\/li><\/ul>\n<\/div>\n\n\n\n<div class=\"wp-block-column is-layout-flow wp-block-column-is-layout-flow\">\n<figure class=\"wp-block-image size-full is-style-default\"><img loading=\"lazy\" decoding=\"async\" width=\"77\" height=\"51\" src=\"https:\/\/villa-kate-croatia.com\/wp-content\/uploads\/2022\/03\/rooms.png\" alt=\"\" class=\"wp-image-728\" srcset=\"https:\/\/villa-kate-croatia.com\/wp-content\/uploads\/2022\/03\/rooms.png 77w, https:\/\/villa-kate-croatia.com\/wp-content\/uploads\/2022\/03\/rooms-18x12.png 18w, https:\/\/villa-kate-croatia.com\/wp-content\/uploads\/2022\/03\/rooms-75x51.png 75w\" sizes=\"auto, (max-width: 77px) 100vw, 77px\" \/><\/figure>\n\n\n\n<div style=\"height:13px\" aria-hidden=\"true\" class=\"wp-block-spacer\"><\/div>\n\n\n\n<h3 class=\"wp-block-heading\"><strong>Sadr\u017eaji sobe<\/strong><\/h3>\n\n\n\n<p> Dodatna udobnost<\/p>\n\n\n\n<ul class=\"wp-block-list\"><li>uti\u010dnica pokraj kreveta<\/li><li>su\u0161ilo za rublje<\/li><li>stalak za odje\u0107u<\/li><li>antialergijska soba<\/li><li>poplo\u010dani \/ mramorni pod<\/li><li>zvu\u010dna izolacija<\/li><li>povezane sobe<\/li><li>gla\u010dalo i stol za gla\u010danje<\/li><li>gla\u010dalo<\/li><\/ul>\n\n\n\n<figure class=\"wp-block-image size-full is-style-default\"><img loading=\"lazy\" decoding=\"async\" width=\"65\" height=\"50\" src=\"https:\/\/villa-kate-croatia.com\/wp-content\/uploads\/2022\/03\/dog-1.png\" alt=\"\" class=\"wp-image-742\" srcset=\"https:\/\/villa-kate-croatia.com\/wp-content\/uploads\/2022\/03\/dog-1.png 65w, https:\/\/villa-kate-croatia.com\/wp-content\/uploads\/2022\/03\/dog-1-16x12.png 16w\" sizes=\"auto, (max-width: 65px) 100vw, 65px\" \/><\/figure>\n\n\n\n<h3 class=\"wp-block-heading\"><strong><strong>Ku\u0107ni ljubimci<\/strong><\/strong><\/h3>\n\n\n\n<p> Dozvoljen je boravak ku\u0107nih ljubimaca i ne napla\u0107uje se.<\/p>\n\n\n\n<figure class=\"wp-block-image size-full is-style-default\"><img loading=\"lazy\" decoding=\"async\" width=\"48\" height=\"50\" src=\"https:\/\/villa-kate-croatia.com\/wp-content\/uploads\/2022\/03\/flowers-garden-1.png\" alt=\"\" class=\"wp-image-743\" srcset=\"https:\/\/villa-kate-croatia.com\/wp-content\/uploads\/2022\/03\/flowers-garden-1.png 48w, https:\/\/villa-kate-croatia.com\/wp-content\/uploads\/2022\/03\/flowers-garden-1-12x12.png 12w\" sizes=\"auto, (max-width: 48px) 100vw, 48px\" \/><\/figure>\n\n\n\n<h3 class=\"wp-block-heading\"><strong><strong><strong>Dvori\u0161te<\/strong><\/strong><\/strong><\/h3>\n\n\n\n<p> Opustite se i u\u017eivajte<\/p>\n\n\n\n<ul class=\"wp-block-list\"><li>mjesto za piknik<\/li><li>vrtni namje\u0161taj<\/li><li>vanjska blagovaonica<\/li><li>vrtni namje\u0161taj<\/li><li>ro\u0161tilj<\/li><li>Privatni bazen<\/li><li>oprema za ro\u0161tilj<\/li><li>poplo\u010dani dio dvori\u0161ta<\/li><li>balkon<\/li><li>terasa<\/li><li>vrt<\/li><\/ul>\n\n\n\n<figure class=\"wp-block-image size-full is-style-default\"><img loading=\"lazy\" decoding=\"async\" width=\"75\" height=\"50\" src=\"https:\/\/villa-kate-croatia.com\/wp-content\/uploads\/2022\/03\/pool-1.png\" alt=\"\" class=\"wp-image-744\" srcset=\"https:\/\/villa-kate-croatia.com\/wp-content\/uploads\/2022\/03\/pool-1.png 75w, https:\/\/villa-kate-croatia.com\/wp-content\/uploads\/2022\/03\/pool-1-18x12.png 18w\" sizes=\"auto, (max-width: 75px) 100vw, 75px\" \/><\/figure>\n\n\n\n<h3 class=\"wp-block-heading\"><strong><strong><strong><strong>Vanjski bazen<\/strong><\/strong><\/strong><\/strong><\/h3>\n\n\n\n<p>Svi se bazeni mogu koristiti besplatno<\/p>\n\n\n\n<ul class=\"wp-block-list\"><li>Sezonski bazen<\/li><li>Bez dobnih ograni\u010denja<\/li><li>ru\u010dnici za bazen\/pla\u017eu<\/li><li>Le\u017ealjke za pla\u017eu<\/li><li>Suncobrani<\/li><li>bazen s pogledom<\/li><\/ul>\n\n\n\n<figure class=\"wp-block-image size-full is-style-default\"><img loading=\"lazy\" decoding=\"async\" width=\"64\" height=\"50\" src=\"https:\/\/villa-kate-croatia.com\/wp-content\/uploads\/2022\/03\/spa.png\" alt=\"\" class=\"wp-image-745\" srcset=\"https:\/\/villa-kate-croatia.com\/wp-content\/uploads\/2022\/03\/spa.png 64w, https:\/\/villa-kate-croatia.com\/wp-content\/uploads\/2022\/03\/spa-15x12.png 15w\" sizes=\"auto, (max-width: 64px) 100vw, 64px\" \/><\/figure>\n\n\n\n<h3 class=\"wp-block-heading\"><strong><strong><strong><strong>Wellness<\/strong><\/strong><\/strong><\/strong><\/h3>\n\n\n\n<ul class=\"wp-block-list\"><li>Le\u017ealjke za pla\u017eu<\/li><li>ru\u010dnici za bazen\/pla\u017eu<\/li><\/ul>\n<\/div>\n\n\n\n<div class=\"wp-block-column is-layout-flow wp-block-column-is-layout-flow\">\n<figure class=\"wp-block-image size-full is-style-default\"><img loading=\"lazy\" decoding=\"async\" width=\"74\" height=\"75\" src=\"https:\/\/villa-kate-croatia.com\/wp-content\/uploads\/2022\/03\/food-1.png\" alt=\"\" class=\"wp-image-729\" srcset=\"https:\/\/villa-kate-croatia.com\/wp-content\/uploads\/2022\/03\/food-1.png 74w, https:\/\/villa-kate-croatia.com\/wp-content\/uploads\/2022\/03\/food-1-12x12.png 12w\" sizes=\"auto, (max-width: 74px) 100vw, 74px\" \/><\/figure>\n\n\n\n<h3 class=\"wp-block-heading\"><strong>Hrana i pi\u0107e<\/strong><\/h3>\n\n\n\n<ul class=\"wp-block-list\"><li> aparat za pripremu kave\/\u010daja<\/li><\/ul>\n\n\n\n<figure class=\"wp-block-image size-full is-style-default\"><img loading=\"lazy\" decoding=\"async\" width=\"66\" height=\"50\" src=\"https:\/\/villa-kate-croatia.com\/wp-content\/uploads\/2022\/03\/view.png\" alt=\"\" class=\"wp-image-746\" srcset=\"https:\/\/villa-kate-croatia.com\/wp-content\/uploads\/2022\/03\/view.png 66w, https:\/\/villa-kate-croatia.com\/wp-content\/uploads\/2022\/03\/view-16x12.png 16w\" sizes=\"auto, (max-width: 66px) 100vw, 66px\" \/><\/figure>\n\n\n\n<h3 class=\"wp-block-heading\"><strong><strong>Dvori\u0161te i pogled<\/strong><\/strong><\/h3>\n\n\n\n<p>U\u017eivajte u pogledu<\/p>\n\n\n\n<ul class=\"wp-block-list\"><li>pogled na bazen<\/li><li>pogled na vrt<\/li><\/ul>\n\n\n\n<figure class=\"wp-block-image size-full is-style-default\"><img loading=\"lazy\" decoding=\"async\" width=\"55\" height=\"50\" src=\"https:\/\/villa-kate-croatia.com\/wp-content\/uploads\/2022\/03\/building-1.png\" alt=\"\" class=\"wp-image-747\" srcset=\"https:\/\/villa-kate-croatia.com\/wp-content\/uploads\/2022\/03\/building-1.png 55w, https:\/\/villa-kate-croatia.com\/wp-content\/uploads\/2022\/03\/building-1-13x12.png 13w\" sizes=\"auto, (max-width: 55px) 100vw, 55px\" \/><\/figure>\n\n\n\n<h3 class=\"wp-block-heading\"><strong><strong><strong>Karakteristike zgrade<\/strong><\/strong><\/strong><\/h3>\n\n\n\n<ul class=\"wp-block-list\"><li>zasebna zgrada<\/li><\/ul>\n\n\n\n<figure class=\"wp-block-image size-full is-style-default\"><img loading=\"lazy\" decoding=\"async\" width=\"49\" height=\"50\" src=\"https:\/\/villa-kate-croatia.com\/wp-content\/uploads\/2022\/03\/table-tennis-1.png\" alt=\"\" class=\"wp-image-748\" srcset=\"https:\/\/villa-kate-croatia.com\/wp-content\/uploads\/2022\/03\/table-tennis-1.png 49w, https:\/\/villa-kate-croatia.com\/wp-content\/uploads\/2022\/03\/table-tennis-1-12x12.png 12w\" sizes=\"auto, (max-width: 49px) 100vw, 49px\" \/><\/figure>\n\n\n\n<h3 class=\"wp-block-heading\"><strong><strong><strong><strong>Zabava i obiteljski sadr\u017eaji<\/strong><\/strong><\/strong><\/strong><\/h3>\n\n\n\n<ul class=\"wp-block-list\"><li>sadr\u017eaj za dje\u010dju igru na otvorenom<\/li><\/ul>\n\n\n\n<figure class=\"wp-block-image size-full is-style-default\"><img loading=\"lazy\" decoding=\"async\" width=\"50\" height=\"50\" src=\"https:\/\/villa-kate-croatia.com\/wp-content\/uploads\/2022\/03\/snowflake-1.png\" alt=\"\" class=\"wp-image-749\" srcset=\"https:\/\/villa-kate-croatia.com\/wp-content\/uploads\/2022\/03\/snowflake-1.png 50w, https:\/\/villa-kate-croatia.com\/wp-content\/uploads\/2022\/03\/snowflake-1-12x12.png 12w\" sizes=\"auto, (max-width: 50px) 100vw, 50px\" \/><\/figure>\n\n\n\n<h3 class=\"wp-block-heading\"><strong><strong><strong><strong><strong>Razno<\/strong><\/strong><\/strong><\/strong><\/strong><\/h3>\n\n\n\n<ul class=\"wp-block-list\"><li>Klima-ure\u0111aj<\/li><li>Grijanje<\/li><\/ul>\n\n\n\n<figure class=\"wp-block-image size-full is-style-default\"><img loading=\"lazy\" decoding=\"async\" width=\"40\" height=\"50\" src=\"https:\/\/villa-kate-croatia.com\/wp-content\/uploads\/2022\/03\/forgot-password-1.png\" alt=\"\" class=\"wp-image-750\" srcset=\"https:\/\/villa-kate-croatia.com\/wp-content\/uploads\/2022\/03\/forgot-password-1.png 40w, https:\/\/villa-kate-croatia.com\/wp-content\/uploads\/2022\/03\/forgot-password-1-10x12.png 10w\" sizes=\"auto, (max-width: 40px) 100vw, 40px\" \/><\/figure>\n\n\n\n<h3 class=\"wp-block-heading\"><strong><strong><strong><strong><strong><strong>Sigurnost i za\u0161tita<\/strong><\/strong><\/strong><\/strong><\/strong><\/strong><\/h3>\n\n\n\n<ul class=\"wp-block-list\"><li>sef<\/li><\/ul>\n\n\n\n<figure class=\"wp-block-image size-full is-style-default\"><img loading=\"lazy\" decoding=\"async\" width=\"50\" height=\"50\" src=\"https:\/\/villa-kate-croatia.com\/wp-content\/uploads\/2022\/03\/languages.png\" alt=\"languages\" class=\"wp-image-751\" srcset=\"https:\/\/villa-kate-croatia.com\/wp-content\/uploads\/2022\/03\/languages.png 50w, https:\/\/villa-kate-croatia.com\/wp-content\/uploads\/2022\/03\/languages-12x12.png 12w\" sizes=\"auto, (max-width: 50px) 100vw, 50px\" \/><\/figure>\n\n\n\n<h3 class=\"wp-block-heading\"><strong><strong><strong><strong><strong><strong><strong>Usluga dostupna na<\/strong><\/strong><\/strong><\/strong><\/strong><\/strong><\/strong><\/h3>\n\n\n\n<ul class=\"wp-block-list\"><li>njema\u010dki<\/li><li>engleski<\/li><li>hrvatski<\/li><li>talijanski<\/li><\/ul>\n<\/div>\n<\/div>\n<\/div><\/div>","protected":false},"excerpt":{"rendered":"<p>Facilities of Stunning Villa Kate with pool, Zadar County. Parking Free private parking is available on site (reservation is not needed). Secure parking Internet WiFi is available in public areas and is free of charge. [&hellip;]<\/p>\n","protected":false},"author":1,"featured_media":0,"parent":0,"menu_order":0,"comment_status":"closed","ping_status":"closed","template":"templates\/template-fullwidth-boxed.php","meta":{"_uag_custom_page_level_css":"","footnotes":""},"class_list":["post-89","page","type-page","status-publish","hentry"],"uagb_featured_image_src":{"full":false,"thumbnail":false,"medium":false,"medium_large":false,"large":false,"1536x1536":false,"2048x2048":false,"trp-custom-language-flag":false,"post-thumbnail":false,"ignition_item":false,"ignition_item_lg":false,"ignition_article_media":false,"ignition_minicart_item":false},"uagb_author_info":{"display_name":"admin","author_link":"https:\/\/villa-kate-croatia.com\/hr\/author\/mirsaddubravic_kz70t3t5\/"},"uagb_comment_info":0,"uagb_excerpt":"Facilities of Stunning Villa Kate with pool, Zadar County. Parking Free private parking is available on site (reservation is not needed). Secure parking Internet WiFi is available in public areas and is free of charge. [&hellip;]","_links":{"self":[{"href":"https:\/\/villa-kate-croatia.com\/hr\/wp-json\/wp\/v2\/pages\/89","targetHints":{"allow":["GET"]}}],"collection":[{"href":"https:\/\/villa-kate-croatia.com\/hr\/wp-json\/wp\/v2\/pages"}],"about":[{"href":"https:\/\/villa-kate-croatia.com\/hr\/wp-json\/wp\/v2\/types\/page"}],"author":[{"embeddable":true,"href":"https:\/\/villa-kate-croatia.com\/hr\/wp-json\/wp\/v2\/users\/1"}],"replies":[{"embeddable":true,"href":"https:\/\/villa-kate-croatia.com\/hr\/wp-json\/wp\/v2\/comments?post=89"}],"version-history":[{"count":13,"href":"https:\/\/villa-kate-croatia.com\/hr\/wp-json\/wp\/v2\/pages\/89\/revisions"}],"predecessor-version":[{"id":753,"href":"https:\/\/villa-kate-croatia.com\/hr\/wp-json\/wp\/v2\/pages\/89\/revisions\/753"}],"wp:attachment":[{"href":"https:\/\/villa-kate-croatia.com\/hr\/wp-json\/wp\/v2\/media?parent=89"}],"curies":[{"name":"wp","href":"https:\/\/api.w.org\/{rel}","templated":true}]}}